{"id":10230,"date":"2021-01-14T19:41:30","date_gmt":"2021-01-14T18:41:30","guid":{"rendered":"https:\/\/weinquartier.at\/?post_type=product&#038;p=10230"},"modified":"2025-07-18T13:08:56","modified_gmt":"2025-07-18T11:08:56","slug":"6er-ueberraschungspaket","status":"publish","type":"product","link":"https:\/\/weinquartier.at\/en\/produkt\/products\/gifts-trial-packages-vouchers\/6er-ueberraschungspaket\/","title":{"rendered":"\u00dcberraschungspaket &#8211; Wine Surprise"},"content":{"rendered":"<p>Unser \u00dcberraschungspaket enth\u00e4lt 6 sorgf\u00e4ltig ausgew\u00e4hlte Weine aus unserem Sortiment. Jede Box ist ein Unikat \u2013 vom frischen Jungwein \u00fcber fruchtige Rote bis hin zu w\u00fcrzigen Sorten und vollmundigen Reserveweinen kann alles dabei sein. Sie wissen erst beim \u00d6ffnen, was drinsteckt \u2013 perfekt als Geschenk oder zum Selbstentdecken.<\/p>\n<p>Lassen Sie sich \u00fcberraschen \u2013 Sie werden begeistert sein!<\/p>\n","protected":false},"excerpt":{"rendered":"<p>Unser \u00dcberraschungspaket enth\u00e4lt 6 sorgf\u00e4ltig ausgew\u00e4hlte Weine aus unserem Sortiment. Jede Box ist ein Unikat \u2013 vom frischen Jungwein \u00fcber fruchtige Rote bis hin zu w\u00fcrzigen Sorten und vollmundigen Reserveweinen kann alles dabei sein. Sie wissen erst beim \u00d6ffnen, was drinsteckt \u2013 perfekt als Geschenk oder zum Selbstentdecken. Lassen Sie sich \u00fcberraschen \u2013 Sie werden\u2026<\/p>\n","protected":false},"featured_media":10287,"comment_status":"closed","ping_status":"closed","template":"","meta":[],"product_cat":[596],"product_tag":[],"class_list":["post-10230","product","type-product","status-publish","has-post-thumbnail","hentry","product_cat-gifts-trial-packages-vouchers","product_shipping_class-weinpaket-ohne-versand","pa_fuellmenge-6-x-750"],"aioseo_notices":[],"_links":{"self":[{"href":"https:\/\/weinquartier.at\/en\/wp-json\/wp\/v2\/product\/10230","targetHints":{"allow":["GET"]}}],"collection":[{"href":"https:\/\/weinquartier.at\/en\/wp-json\/wp\/v2\/product"}],"about":[{"href":"https:\/\/weinquartier.at\/en\/wp-json\/wp\/v2\/types\/product"}],"replies":[{"embeddable":true,"href":"https:\/\/weinquartier.at\/en\/wp-json\/wp\/v2\/comments?post=10230"}],"wp:featuredmedia":[{"embeddable":true,"href":"https:\/\/weinquartier.at\/en\/wp-json\/wp\/v2\/media\/10287"}],"wp:attachment":[{"href":"https:\/\/weinquartier.at\/en\/wp-json\/wp\/v2\/media?parent=10230"}],"wp:term":[{"taxonomy":"product_cat","embeddable":true,"href":"https:\/\/weinquartier.at\/en\/wp-json\/wp\/v2\/product_cat?post=10230"},{"taxonomy":"product_tag","embeddable":true,"href":"https:\/\/weinquartier.at\/en\/wp-json\/wp\/v2\/product_tag?post=10230"}],"curies":[{"name":"wp","href":"https:\/\/api.w.org\/{rel}","templated":true}]}}