{"id":20411,"date":"2022-08-22T15:04:14","date_gmt":"2022-08-22T13:04:14","guid":{"rendered":"https:\/\/weinquartier.at\/?post_type=product&#038;p=20411"},"modified":"2024-03-11T13:14:17","modified_gmt":"2024-03-11T12:14:17","slug":"chardonnay-2019-8","status":"publish","type":"product","link":"https:\/\/weinquartier.at\/en\/produkt\/wine\/white-wine\/chardonnay-2019-8\/","title":{"rendered":"Chardonnay 2019"},"content":{"rendered":"<p>Landessieger 2021; Weinguide 5 Gl\u00e4ser;<\/p>\n<p>Anregende Frucht, animierende S\u00e4ure, tiefgr\u00fcndige Mineralik, feingliedrige Holznoten von der Weidlinger Eiche.<\/p>\n","protected":false},"excerpt":{"rendered":"<p>Landessieger 2021; Weinguide 5 Gl\u00e4ser; Anregende Frucht, animierende S\u00e4ure, tiefgr\u00fcndige Mineralik, feingliedrige Holznoten von der Weidlinger Eiche.<\/p>\n","protected":false},"featured_media":20427,"comment_status":"closed","ping_status":"closed","template":"","meta":[],"product_cat":[307,588,587],"product_tag":[274],"class_list":["post-20411","product","type-product","status-publish","has-post-thumbnail","hentry","product_cat-fink-kotzian-weinbau-og","product_cat-wine","product_cat-white-wine","product_tag-chardonnay","pa_alkohol-195","pa_fuellmenge-176","pa_jahrgang-2019-en","pa_qualitaetsstufe-quality-wine","pa_restzucker-dry","pa_verschluss-screw-cap","pa_wein-zum-essen-lamb","pa_weinsorte-chardonnay","pa_weinstil-dicht","pa_weinstil-elegant","pa_weinstil-wuerzig"],"aioseo_notices":[],"_links":{"self":[{"href":"https:\/\/weinquartier.at\/en\/wp-json\/wp\/v2\/product\/20411","targetHints":{"allow":["GET"]}}],"collection":[{"href":"https:\/\/weinquartier.at\/en\/wp-json\/wp\/v2\/product"}],"about":[{"href":"https:\/\/weinquartier.at\/en\/wp-json\/wp\/v2\/types\/product"}],"replies":[{"embeddable":true,"href":"https:\/\/weinquartier.at\/en\/wp-json\/wp\/v2\/comments?post=20411"}],"wp:featuredmedia":[{"embeddable":true,"href":"https:\/\/weinquartier.at\/en\/wp-json\/wp\/v2\/media\/20427"}],"wp:attachment":[{"href":"https:\/\/weinquartier.at\/en\/wp-json\/wp\/v2\/media?parent=20411"}],"wp:term":[{"taxonomy":"product_cat","embeddable":true,"href":"https:\/\/weinquartier.at\/en\/wp-json\/wp\/v2\/product_cat?post=20411"},{"taxonomy":"product_tag","embeddable":true,"href":"https:\/\/weinquartier.at\/en\/wp-json\/wp\/v2\/product_tag?post=20411"}],"curies":[{"name":"wp","href":"https:\/\/api.w.org\/{rel}","templated":true}]}}