{"id":24433,"date":"2023-08-02T08:42:38","date_gmt":"2023-08-02T06:42:38","guid":{"rendered":"https:\/\/weinquartier.at\/?post_type=product&#038;p=24433"},"modified":"2023-08-02T14:45:32","modified_gmt":"2023-08-02T12:45:32","slug":"frizzante-rose-3","status":"publish","type":"product","link":"https:\/\/weinquartier.at\/en\/produkt\/weine\/sekt-frizzante\/frizzante-rose-3\/","title":{"rendered":"Frizzante Ros\u00e9"},"content":{"rendered":"<p>Kr\u00e4ftige Farbe, herrlich verf\u00fchrerisch schmeichelnde Duftnote. Fein prickelnd am Gaumen mit lustigem Frucht-Zucker-S\u00e4urespiel. Herzerfrischender Abgang mit langem Nachklang.<\/p>\n","protected":false},"excerpt":{"rendered":"<p>Kr\u00e4ftige Farbe, herrlich verf\u00fchrerisch schmeichelnde Duftnote. Fein prickelnd am Gaumen mit lustigem Frucht-Zucker-S\u00e4urespiel. Herzerfrischender Abgang mit langem Nachklang.<\/p>\n","protected":false},"featured_media":24435,"comment_status":"closed","ping_status":"closed","template":"","meta":[],"product_cat":[380,433,21],"product_tag":[487],"class_list":["post-24433","product","type-product","status-publish","has-post-thumbnail","hentry","product_cat-noe-landesweingut","product_cat-weine","product_cat-sekt-frizzante","product_tag-pinot-noir-blauer-burgunder","pa_alkohol-193","pa_fuellmenge-176","pa_qualitaetsstufe-schaumwein","pa_restzucker-trocken","pa_verschluss-schraubverschluss","pa_wein-zum-essen-aperitif-snacks","pa_weinsorte-pinot-noir","pa_weinstil-klassisch-frisch-und-fruchtig"],"aioseo_notices":[],"_links":{"self":[{"href":"https:\/\/weinquartier.at\/en\/wp-json\/wp\/v2\/product\/24433","targetHints":{"allow":["GET"]}}],"collection":[{"href":"https:\/\/weinquartier.at\/en\/wp-json\/wp\/v2\/product"}],"about":[{"href":"https:\/\/weinquartier.at\/en\/wp-json\/wp\/v2\/types\/product"}],"replies":[{"embeddable":true,"href":"https:\/\/weinquartier.at\/en\/wp-json\/wp\/v2\/comments?post=24433"}],"wp:featuredmedia":[{"embeddable":true,"href":"https:\/\/weinquartier.at\/en\/wp-json\/wp\/v2\/media\/24435"}],"wp:attachment":[{"href":"https:\/\/weinquartier.at\/en\/wp-json\/wp\/v2\/media?parent=24433"}],"wp:term":[{"taxonomy":"product_cat","embeddable":true,"href":"https:\/\/weinquartier.at\/en\/wp-json\/wp\/v2\/product_cat?post=24433"},{"taxonomy":"product_tag","embeddable":true,"href":"https:\/\/weinquartier.at\/en\/wp-json\/wp\/v2\/product_tag?post=24433"}],"curies":[{"name":"wp","href":"https:\/\/api.w.org\/{rel}","templated":true}]}}