{"id":26018,"date":"2024-03-21T13:54:20","date_gmt":"2024-03-21T12:54:20","guid":{"rendered":"https:\/\/weinquartier.at\/?post_type=product&#038;p=26018"},"modified":"2024-03-22T17:21:57","modified_gmt":"2024-03-22T16:21:57","slug":"gruener-veltliner-2020-47","status":"publish","type":"product","link":"https:\/\/weinquartier.at\/en\/produkt\/weine\/weisswein\/gruener-veltliner-2020-47\/","title":{"rendered":"Gr\u00fcner Veltliner 2020"},"content":{"rendered":"<p>Feine exotische Fruchtaromen mit etherischen Kr\u00e4uteraromen und W\u00fcrzigkeit, salzig, mineralisch im Abgang<\/p>\n<p>ungeschminkt und unfiltriert<\/p>\n","protected":false},"excerpt":{"rendered":"<p>Feine exotische Fruchtaromen mit etherischen Kr\u00e4uteraromen und W\u00fcrzigkeit, salzig, mineralisch im Abgang ungeschminkt und unfiltriert<\/p>\n","protected":false},"featured_media":17796,"comment_status":"closed","ping_status":"closed","template":"","meta":[],"product_cat":[433,556,17],"product_tag":[241],"class_list":["post-26018","product","type-product","status-publish","has-post-thumbnail","hentry","product_cat-weine","product_cat-weinhof-uibel","product_cat-weisswein","product_tag-gruener-veltliner","pa_alkohol-193","pa_biowein-ja","pa_fuellmenge-176","pa_jahrgang-187","pa_restzucker-trocken","pa_vegan-ja","pa_verschluss-kork","pa_weinsorte-gruener-veltliner","pa_weinstil-riedenwein"],"aioseo_notices":[],"_links":{"self":[{"href":"https:\/\/weinquartier.at\/en\/wp-json\/wp\/v2\/product\/26018","targetHints":{"allow":["GET"]}}],"collection":[{"href":"https:\/\/weinquartier.at\/en\/wp-json\/wp\/v2\/product"}],"about":[{"href":"https:\/\/weinquartier.at\/en\/wp-json\/wp\/v2\/types\/product"}],"replies":[{"embeddable":true,"href":"https:\/\/weinquartier.at\/en\/wp-json\/wp\/v2\/comments?post=26018"}],"wp:featuredmedia":[{"embeddable":true,"href":"https:\/\/weinquartier.at\/en\/wp-json\/wp\/v2\/media\/17796"}],"wp:attachment":[{"href":"https:\/\/weinquartier.at\/en\/wp-json\/wp\/v2\/media?parent=26018"}],"wp:term":[{"taxonomy":"product_cat","embeddable":true,"href":"https:\/\/weinquartier.at\/en\/wp-json\/wp\/v2\/product_cat?post=26018"},{"taxonomy":"product_tag","embeddable":true,"href":"https:\/\/weinquartier.at\/en\/wp-json\/wp\/v2\/product_tag?post=26018"}],"curies":[{"name":"wp","href":"https:\/\/api.w.org\/{rel}","templated":true}]}}