{"id":26198,"date":"2024-04-23T07:23:06","date_gmt":"2024-04-23T05:23:06","guid":{"rendered":"https:\/\/weinquartier.at\/?post_type=product&#038;p=26198"},"modified":"2024-04-23T07:26:41","modified_gmt":"2024-04-23T05:26:41","slug":"gruener-veltliner-ried-koenigsberg-2020-2","status":"publish","type":"product","link":"https:\/\/weinquartier.at\/en\/produkt\/weine\/weisswein\/gruener-veltliner-ried-koenigsberg-2020-2\/","title":{"rendered":"Gr\u00fcner Veltliner Ried K\u00f6nigsberg 2020"},"content":{"rendered":"<p>Einladend intensiver Duft nach reifen \u00c4pfeln, W\u00fcrze und feinem Pfefferl. Schmelzig, extraktreich, harmonisch, typischer Veltliner mit sehr reifen Fr\u00fcchten im langen Abgang.<\/p>\n","protected":false},"excerpt":{"rendered":"<p>Einladend intensiver Duft nach reifen \u00c4pfeln, W\u00fcrze und feinem Pfefferl. Schmelzig, extraktreich, harmonisch, typischer Veltliner mit sehr reifen Fr\u00fcchten im langen Abgang.<\/p>\n","protected":false},"featured_media":26199,"comment_status":"closed","ping_status":"closed","template":"","meta":[],"product_cat":[307,433,17],"product_tag":[241],"class_list":["post-26198","product","type-product","status-publish","has-post-thumbnail","hentry","product_cat-fink-kotzian-weinbau-og","product_cat-weine","product_cat-weisswein","product_tag-gruener-veltliner","pa_alkohol-13-5","pa_fuellmenge-176","pa_jahrgang-187","pa_qualitaetsstufe-qualitaetswein","pa_restzucker-trocken","pa_verschluss-schraubverschluss","pa_weinsorte-gruener-veltliner","pa_weinstil-riedenwein"],"aioseo_notices":[],"_links":{"self":[{"href":"https:\/\/weinquartier.at\/en\/wp-json\/wp\/v2\/product\/26198","targetHints":{"allow":["GET"]}}],"collection":[{"href":"https:\/\/weinquartier.at\/en\/wp-json\/wp\/v2\/product"}],"about":[{"href":"https:\/\/weinquartier.at\/en\/wp-json\/wp\/v2\/types\/product"}],"replies":[{"embeddable":true,"href":"https:\/\/weinquartier.at\/en\/wp-json\/wp\/v2\/comments?post=26198"}],"wp:featuredmedia":[{"embeddable":true,"href":"https:\/\/weinquartier.at\/en\/wp-json\/wp\/v2\/media\/26199"}],"wp:attachment":[{"href":"https:\/\/weinquartier.at\/en\/wp-json\/wp\/v2\/media?parent=26198"}],"wp:term":[{"taxonomy":"product_cat","embeddable":true,"href":"https:\/\/weinquartier.at\/en\/wp-json\/wp\/v2\/product_cat?post=26198"},{"taxonomy":"product_tag","embeddable":true,"href":"https:\/\/weinquartier.at\/en\/wp-json\/wp\/v2\/product_tag?post=26198"}],"curies":[{"name":"wp","href":"https:\/\/api.w.org\/{rel}","templated":true}]}}