{"id":26327,"date":"2024-05-15T16:44:10","date_gmt":"2024-05-15T14:44:10","guid":{"rendered":"https:\/\/weinquartier.at\/?post_type=product&#038;p=26327"},"modified":"2024-05-15T16:45:36","modified_gmt":"2024-05-15T14:45:36","slug":"riesling-ried-innere-bergen-2023","status":"publish","type":"product","link":"https:\/\/weinquartier.at\/en\/produkt\/weine\/weisswein\/riesling-ried-innere-bergen-2023\/","title":{"rendered":"Riesling Ried Innere Bergen 2023"},"content":{"rendered":"<p>Komplexer Duft nach Bl\u00fcten und reifem Steinobst, Kr\u00e4uterw\u00fcrze mineralische Ankl\u00e4nge, saftige Fr\u00fcchte und Marille, lebendige S\u00e4ure und animierende W\u00fcrze, Langer druckvoller Abgang.<\/p>\n","protected":false},"excerpt":{"rendered":"<p>Komplexer Duft nach Bl\u00fcten und reifem Steinobst, Kr\u00e4uterw\u00fcrze mineralische Ankl\u00e4nge, saftige Fr\u00fcchte und Marille, lebendige S\u00e4ure und animierende W\u00fcrze, Langer druckvoller Abgang.<\/p>\n","protected":false},"featured_media":2063,"comment_status":"closed","ping_status":"closed","template":"","meta":[],"product_cat":[411,433,17],"product_tag":[262],"class_list":["post-26327","product","type-product","status-publish","has-post-thumbnail","hentry","product_cat-weingut-zull","product_cat-weine","product_cat-weisswein","product_tag-riesling","pa_alkohol-195","pa_fuellmenge-176","pa_jahrgang-707","pa_qualitaetsstufe-quality-wine","pa_restzucker-dry","pa_verschluss-screw-cap","pa_wein-zum-essen-fish-seafood","pa_weinsorte-riesling","pa_weinstil-klassisch"],"aioseo_notices":[],"_links":{"self":[{"href":"https:\/\/weinquartier.at\/en\/wp-json\/wp\/v2\/product\/26327","targetHints":{"allow":["GET"]}}],"collection":[{"href":"https:\/\/weinquartier.at\/en\/wp-json\/wp\/v2\/product"}],"about":[{"href":"https:\/\/weinquartier.at\/en\/wp-json\/wp\/v2\/types\/product"}],"replies":[{"embeddable":true,"href":"https:\/\/weinquartier.at\/en\/wp-json\/wp\/v2\/comments?post=26327"}],"wp:featuredmedia":[{"embeddable":true,"href":"https:\/\/weinquartier.at\/en\/wp-json\/wp\/v2\/media\/2063"}],"wp:attachment":[{"href":"https:\/\/weinquartier.at\/en\/wp-json\/wp\/v2\/media?parent=26327"}],"wp:term":[{"taxonomy":"product_cat","embeddable":true,"href":"https:\/\/weinquartier.at\/en\/wp-json\/wp\/v2\/product_cat?post=26327"},{"taxonomy":"product_tag","embeddable":true,"href":"https:\/\/weinquartier.at\/en\/wp-json\/wp\/v2\/product_tag?post=26327"}],"curies":[{"name":"wp","href":"https:\/\/api.w.org\/{rel}","templated":true}]}}