{"id":26383,"date":"2024-06-05T10:47:43","date_gmt":"2024-06-05T08:47:43","guid":{"rendered":"https:\/\/weinquartier.at\/?post_type=product&#038;p=26383"},"modified":"2024-06-14T13:30:37","modified_gmt":"2024-06-14T11:30:37","slug":"sekt-gruener-veltliner-2","status":"publish","type":"product","link":"https:\/\/weinquartier.at\/en\/produkt\/weine\/sekt-frizzante\/sekt-gruener-veltliner-2\/","title":{"rendered":"Sekt Gr\u00fcner Veltliner"},"content":{"rendered":"<p>Feine Gr\u00fcner Veltliner Frucht und zarte Kr\u00e4uterw\u00fcrze in der Nase. Am Gaumen ein wundersch\u00f6nes Zusammenspiel von gr\u00fcnem Apfel und Zitrus. Saftig im Abgang, umspielt von einer feinen Perlage.<\/p>\n","protected":false},"excerpt":{"rendered":"<p>Feine Gr\u00fcner Veltliner Frucht und zarte Kr\u00e4uterw\u00fcrze in der Nase. Am Gaumen ein wundersch\u00f6nes Zusammenspiel von gr\u00fcnem Apfel und Zitrus. Saftig im Abgang, umspielt von einer feinen Perlage.<\/p>\n","protected":false},"featured_media":24341,"comment_status":"closed","ping_status":"closed","template":"","meta":[],"product_cat":[356,433,21],"product_tag":[241],"class_list":["post-26383","product","type-product","status-publish","has-post-thumbnail","hentry","product_cat-weingut-hofbauer-schmidt","product_cat-weine","product_cat-sekt-frizzante","product_tag-gruener-veltliner","pa_alkohol-193","pa_fuellmenge-176","pa_jahrgang-700","pa_qualitaetsstufe-schaumwein","pa_restzucker-brut","pa_verschluss-kork","pa_wein-zum-essen-aperitif-snacks","pa_wein-zum-essen-helles-fleisch","pa_wein-zum-essen-klassische-heurigenjause","pa_weinsorte-gruener-veltliner","pa_weinstil-klassisch-frisch-und-fruchtig"],"aioseo_notices":[],"_links":{"self":[{"href":"https:\/\/weinquartier.at\/en\/wp-json\/wp\/v2\/product\/26383","targetHints":{"allow":["GET"]}}],"collection":[{"href":"https:\/\/weinquartier.at\/en\/wp-json\/wp\/v2\/product"}],"about":[{"href":"https:\/\/weinquartier.at\/en\/wp-json\/wp\/v2\/types\/product"}],"replies":[{"embeddable":true,"href":"https:\/\/weinquartier.at\/en\/wp-json\/wp\/v2\/comments?post=26383"}],"wp:featuredmedia":[{"embeddable":true,"href":"https:\/\/weinquartier.at\/en\/wp-json\/wp\/v2\/media\/24341"}],"wp:attachment":[{"href":"https:\/\/weinquartier.at\/en\/wp-json\/wp\/v2\/media?parent=26383"}],"wp:term":[{"taxonomy":"product_cat","embeddable":true,"href":"https:\/\/weinquartier.at\/en\/wp-json\/wp\/v2\/product_cat?post=26383"},{"taxonomy":"product_tag","embeddable":true,"href":"https:\/\/weinquartier.at\/en\/wp-json\/wp\/v2\/product_tag?post=26383"}],"curies":[{"name":"wp","href":"https:\/\/api.w.org\/{rel}","templated":true}]}}