{"id":26403,"date":"2024-06-12T15:02:14","date_gmt":"2024-06-12T13:02:14","guid":{"rendered":"https:\/\/weinquartier.at\/?post_type=product&#038;p=26403"},"modified":"2025-07-11T14:18:10","modified_gmt":"2025-07-11T12:18:10","slug":"gruener-veltliner-2023-34","status":"publish","type":"product","link":"https:\/\/weinquartier.at\/en\/produkt\/weine\/weisswein\/gruener-veltliner-2023-34\/","title":{"rendered":"Gr\u00fcner Veltliner 2024"},"content":{"rendered":"<p>Finalist N\u00d6 Wein Pr\u00e4mierung 2024<\/p>\n<p>Vollmundiger Gr\u00fcner Veltliner, reife Mango und Maracuja in der Nase, auch zart am Gaumen, gro\u00dfes Potential.<\/p>\n","protected":false},"excerpt":{"rendered":"<p>Finalist N\u00d6 Wein Pr\u00e4mierung 2024 Vollmundiger Gr\u00fcner Veltliner, reife Mango und Maracuja in der Nase, auch zart am Gaumen, gro\u00dfes Potential.<\/p>\n","protected":false},"featured_media":1825,"comment_status":"closed","ping_status":"closed","template":"","meta":[],"product_cat":[392,433,17],"product_tag":[241],"class_list":["post-26403","product","type-product","status-publish","has-post-thumbnail","hentry","product_cat-weingut-puhr","product_cat-weine","product_cat-weisswein","product_tag-gruener-veltliner","pa_alkohol-702","pa_fuellmenge-176","pa_jahrgang-707","pa_qualitaetsstufe-qualitaetswein","pa_restzucker-trocken","pa_verschluss-schraubverschluss","pa_wein-zum-essen-asiatisch-scharf","pa_wein-zum-essen-klassische-oesterreichische-kueche","pa_weinsorte-gruener-veltliner","pa_weinstil-vollmundig"],"aioseo_notices":[],"_links":{"self":[{"href":"https:\/\/weinquartier.at\/en\/wp-json\/wp\/v2\/product\/26403","targetHints":{"allow":["GET"]}}],"collection":[{"href":"https:\/\/weinquartier.at\/en\/wp-json\/wp\/v2\/product"}],"about":[{"href":"https:\/\/weinquartier.at\/en\/wp-json\/wp\/v2\/types\/product"}],"replies":[{"embeddable":true,"href":"https:\/\/weinquartier.at\/en\/wp-json\/wp\/v2\/comments?post=26403"}],"wp:featuredmedia":[{"embeddable":true,"href":"https:\/\/weinquartier.at\/en\/wp-json\/wp\/v2\/media\/1825"}],"wp:attachment":[{"href":"https:\/\/weinquartier.at\/en\/wp-json\/wp\/v2\/media?parent=26403"}],"wp:term":[{"taxonomy":"product_cat","embeddable":true,"href":"https:\/\/weinquartier.at\/en\/wp-json\/wp\/v2\/product_cat?post=26403"},{"taxonomy":"product_tag","embeddable":true,"href":"https:\/\/weinquartier.at\/en\/wp-json\/wp\/v2\/product_tag?post=26403"}],"curies":[{"name":"wp","href":"https:\/\/api.w.org\/{rel}","templated":true}]}}