{"id":26498,"date":"2024-07-17T15:19:26","date_gmt":"2024-07-17T13:19:26","guid":{"rendered":"https:\/\/weinquartier.at\/?post_type=product&#038;p=26498"},"modified":"2025-06-06T12:16:58","modified_gmt":"2025-06-06T10:16:58","slug":"weinviertel-dac-grosse-reserve-2021","status":"publish","type":"product","link":"https:\/\/weinquartier.at\/en\/produkt\/weine\/weisswein\/weinviertel-dac-grosse-reserve-2021\/","title":{"rendered":"Gr\u00fcner Veltliner Neue Zeit 7 2021"},"content":{"rendered":"<p>Riedencuv\u00e9e &#8211; Holzfass gereift<\/p>\n<p>Goldgelb mit Silberreflexe, tropische Fr\u00fcchte, Ananas, Mango, zart nach Honigmelone und Wiesenkr\u00e4uter, Bl\u00fctenaromen, kr\u00e4ftig und dicht, mineralisch, sehr langer Abgang.<\/p>\n","protected":false},"excerpt":{"rendered":"<p>Riedencuv\u00e9e &#8211; Holzfass gereift Goldgelb mit Silberreflexe, tropische Fr\u00fcchte, Ananas, Mango, zart nach Honigmelone und Wiesenkr\u00e4uter, Bl\u00fctenaromen, kr\u00e4ftig und dicht, mineralisch, sehr langer Abgang.<\/p>\n","protected":false},"featured_media":7575,"comment_status":"closed","ping_status":"closed","template":"","meta":[],"product_cat":[401,433,17],"product_tag":[241],"class_list":["post-26498","product","type-product","status-publish","has-post-thumbnail","hentry","product_cat-weingut-seher","product_cat-weine","product_cat-weisswein","product_tag-gruener-veltliner","pa_alkohol-14-0","pa_falstaff-209","pa_fuellmenge-176","pa_jahrgang-583","pa_qualitaetsstufe-qualitaetswein","pa_restzucker-trocken","pa_verschluss-kork","pa_wein-zum-essen-gaenseleber","pa_wein-zum-essen-kaese","pa_weinsorte-gruener-veltliner","pa_weinstil-reserve-stil"],"aioseo_notices":[],"_links":{"self":[{"href":"https:\/\/weinquartier.at\/en\/wp-json\/wp\/v2\/product\/26498","targetHints":{"allow":["GET"]}}],"collection":[{"href":"https:\/\/weinquartier.at\/en\/wp-json\/wp\/v2\/product"}],"about":[{"href":"https:\/\/weinquartier.at\/en\/wp-json\/wp\/v2\/types\/product"}],"replies":[{"embeddable":true,"href":"https:\/\/weinquartier.at\/en\/wp-json\/wp\/v2\/comments?post=26498"}],"wp:featuredmedia":[{"embeddable":true,"href":"https:\/\/weinquartier.at\/en\/wp-json\/wp\/v2\/media\/7575"}],"wp:attachment":[{"href":"https:\/\/weinquartier.at\/en\/wp-json\/wp\/v2\/media?parent=26498"}],"wp:term":[{"taxonomy":"product_cat","embeddable":true,"href":"https:\/\/weinquartier.at\/en\/wp-json\/wp\/v2\/product_cat?post=26498"},{"taxonomy":"product_tag","embeddable":true,"href":"https:\/\/weinquartier.at\/en\/wp-json\/wp\/v2\/product_tag?post=26498"}],"curies":[{"name":"wp","href":"https:\/\/api.w.org\/{rel}","templated":true}]}}