{"id":27212,"date":"2025-02-14T11:12:37","date_gmt":"2025-02-14T10:12:37","guid":{"rendered":"https:\/\/weinquartier.at\/?post_type=product&#038;p=27212"},"modified":"2025-02-14T11:15:59","modified_gmt":"2025-02-14T10:15:59","slug":"gruener-veltliner-2024-8","status":"publish","type":"product","link":"https:\/\/weinquartier.at\/en\/produkt\/weine\/weisswein\/gruener-veltliner-2024-8\/","title":{"rendered":"Gr\u00fcner Veltliner 2024"},"content":{"rendered":"<p>Zart pfeffrige Kr\u00e4uterw\u00fcrze, fruchtige Birne. Fruchtig, saftig, frisch, mit kerniger S\u00e4ure, ein klassischer Weinviertler mit fruchtiger W\u00fcrze und Pfeffer.<\/p>\n","protected":false},"excerpt":{"rendered":"<p>Zart pfeffrige Kr\u00e4uterw\u00fcrze, fruchtige Birne. Fruchtig, saftig, frisch, mit kerniger S\u00e4ure, ein klassischer Weinviertler mit fruchtiger W\u00fcrze und Pfeffer.<\/p>\n","protected":false},"featured_media":27213,"comment_status":"closed","ping_status":"closed","template":"","meta":[],"product_cat":[411,433,17],"product_tag":[241],"class_list":["post-27212","product","type-product","status-publish","has-post-thumbnail","hentry","product_cat-weingut-zull","product_cat-weine","product_cat-weisswein","product_tag-gruener-veltliner","pa_alkohol-194","pa_fuellmenge-176","pa_jahrgang-709","pa_qualitaetsstufe-weinviertel-dac","pa_restzucker-trocken","pa_verschluss-schraubverschluss","pa_wein-zum-essen-klassische-oesterreichische-kueche","pa_wein-zum-essen-spargel","pa_weinsorte-gruener-veltliner","pa_weinstil-klassisch-frisch-und-fruchtig"],"aioseo_notices":[],"_links":{"self":[{"href":"https:\/\/weinquartier.at\/en\/wp-json\/wp\/v2\/product\/27212","targetHints":{"allow":["GET"]}}],"collection":[{"href":"https:\/\/weinquartier.at\/en\/wp-json\/wp\/v2\/product"}],"about":[{"href":"https:\/\/weinquartier.at\/en\/wp-json\/wp\/v2\/types\/product"}],"replies":[{"embeddable":true,"href":"https:\/\/weinquartier.at\/en\/wp-json\/wp\/v2\/comments?post=27212"}],"wp:featuredmedia":[{"embeddable":true,"href":"https:\/\/weinquartier.at\/en\/wp-json\/wp\/v2\/media\/27213"}],"wp:attachment":[{"href":"https:\/\/weinquartier.at\/en\/wp-json\/wp\/v2\/media?parent=27212"}],"wp:term":[{"taxonomy":"product_cat","embeddable":true,"href":"https:\/\/weinquartier.at\/en\/wp-json\/wp\/v2\/product_cat?post=27212"},{"taxonomy":"product_tag","embeddable":true,"href":"https:\/\/weinquartier.at\/en\/wp-json\/wp\/v2\/product_tag?post=27212"}],"curies":[{"name":"wp","href":"https:\/\/api.w.org\/{rel}","templated":true}]}}