{"id":27266,"date":"2025-02-28T08:52:13","date_gmt":"2025-02-28T07:52:13","guid":{"rendered":"https:\/\/weinquartier.at\/?post_type=product&#038;p=27266"},"modified":"2025-02-28T08:54:18","modified_gmt":"2025-02-28T07:54:18","slug":"gruener-veltliner-2024-12","status":"publish","type":"product","link":"https:\/\/weinquartier.at\/en\/produkt\/weine\/weisswein\/gruener-veltliner-2024-12\/","title":{"rendered":"Gr\u00fcner Veltliner 2024"},"content":{"rendered":"<p>Dieser fruchtige, feinw\u00fcrzige Veltliner stammt aus drei Rieden, die unterschiedlichen B\u00f6den entfalten eine komplexe Vielschichtigkeit.<\/p>\n","protected":false},"excerpt":{"rendered":"<p>Dieser fruchtige, feinw\u00fcrzige Veltliner stammt aus drei Rieden, die unterschiedlichen B\u00f6den entfalten eine komplexe Vielschichtigkeit.<\/p>\n","protected":false},"featured_media":27128,"comment_status":"closed","ping_status":"closed","template":"","meta":[],"product_cat":[28,359,433,17],"product_tag":[241],"class_list":["post-27266","product","type-product","status-publish","has-post-thumbnail","hentry","product_cat-winzer","product_cat-weingut-julius-klein","product_cat-weine","product_cat-weisswein","product_tag-gruener-veltliner","pa_alkohol-193","pa_fuellmenge-176","pa_jahrgang-709","pa_qualitaetsstufe-weinviertel-dac","pa_restzucker-trocken","pa_verschluss-schraubverschluss","pa_wein-zum-essen-klassische-oesterreichische-kueche","pa_weinsorte-gruener-veltliner","pa_weinstil-klassisch-frisch-und-fruchtig"],"aioseo_notices":[],"_links":{"self":[{"href":"https:\/\/weinquartier.at\/en\/wp-json\/wp\/v2\/product\/27266","targetHints":{"allow":["GET"]}}],"collection":[{"href":"https:\/\/weinquartier.at\/en\/wp-json\/wp\/v2\/product"}],"about":[{"href":"https:\/\/weinquartier.at\/en\/wp-json\/wp\/v2\/types\/product"}],"replies":[{"embeddable":true,"href":"https:\/\/weinquartier.at\/en\/wp-json\/wp\/v2\/comments?post=27266"}],"wp:featuredmedia":[{"embeddable":true,"href":"https:\/\/weinquartier.at\/en\/wp-json\/wp\/v2\/media\/27128"}],"wp:attachment":[{"href":"https:\/\/weinquartier.at\/en\/wp-json\/wp\/v2\/media?parent=27266"}],"wp:term":[{"taxonomy":"product_cat","embeddable":true,"href":"https:\/\/weinquartier.at\/en\/wp-json\/wp\/v2\/product_cat?post=27266"},{"taxonomy":"product_tag","embeddable":true,"href":"https:\/\/weinquartier.at\/en\/wp-json\/wp\/v2\/product_tag?post=27266"}],"curies":[{"name":"wp","href":"https:\/\/api.w.org\/{rel}","templated":true}]}}