{"id":27391,"date":"2025-03-27T08:32:06","date_gmt":"2025-03-27T07:32:06","guid":{"rendered":"https:\/\/weinquartier.at\/?post_type=product&#038;p=27391"},"modified":"2025-03-27T08:34:22","modified_gmt":"2025-03-27T07:34:22","slug":"gruener-veltliner-2024-22","status":"publish","type":"product","link":"https:\/\/weinquartier.at\/en\/produkt\/weine\/weisswein\/gruener-veltliner-2024-22\/","title":{"rendered":"Gr\u00fcner Veltliner 2024"},"content":{"rendered":"<p>In der Nase Apfel, Kernobst, Kr\u00e4uter. W\u00fcrzig, zitronig, pfeffrig.<\/p>\n","protected":false},"excerpt":{"rendered":"<p>In der Nase Apfel, Kernobst, Kr\u00e4uter. W\u00fcrzig, zitronig, pfeffrig.<\/p>\n","protected":false},"featured_media":1737,"comment_status":"closed","ping_status":"closed","template":"","meta":[],"product_cat":[383,433,17],"product_tag":[241],"class_list":["post-27391","product","type-product","status-publish","has-post-thumbnail","hentry","product_cat-weingut-lustig","product_cat-weine","product_cat-weisswein","product_tag-gruener-veltliner","pa_alkohol-194","pa_biowein-ja","pa_fuellmenge-176","pa_jahrgang-709","pa_qualitaetsstufe-weinviertel-dac","pa_restzucker-trocken","pa_vegan-ja","pa_verschluss-schraubverschluss","pa_wein-zum-essen-klassische-oesterreichische-kueche","pa_weinsorte-gruener-veltliner","pa_weinstil-klassisch-frisch-und-fruchtig"],"aioseo_notices":[],"_links":{"self":[{"href":"https:\/\/weinquartier.at\/en\/wp-json\/wp\/v2\/product\/27391","targetHints":{"allow":["GET"]}}],"collection":[{"href":"https:\/\/weinquartier.at\/en\/wp-json\/wp\/v2\/product"}],"about":[{"href":"https:\/\/weinquartier.at\/en\/wp-json\/wp\/v2\/types\/product"}],"replies":[{"embeddable":true,"href":"https:\/\/weinquartier.at\/en\/wp-json\/wp\/v2\/comments?post=27391"}],"wp:featuredmedia":[{"embeddable":true,"href":"https:\/\/weinquartier.at\/en\/wp-json\/wp\/v2\/media\/1737"}],"wp:attachment":[{"href":"https:\/\/weinquartier.at\/en\/wp-json\/wp\/v2\/media?parent=27391"}],"wp:term":[{"taxonomy":"product_cat","embeddable":true,"href":"https:\/\/weinquartier.at\/en\/wp-json\/wp\/v2\/product_cat?post=27391"},{"taxonomy":"product_tag","embeddable":true,"href":"https:\/\/weinquartier.at\/en\/wp-json\/wp\/v2\/product_tag?post=27391"}],"curies":[{"name":"wp","href":"https:\/\/api.w.org\/{rel}","templated":true}]}}