{"id":27418,"date":"2025-04-01T14:07:20","date_gmt":"2025-04-01T12:07:20","guid":{"rendered":"https:\/\/weinquartier.at\/?post_type=product&#038;p=27418"},"modified":"2025-04-01T14:09:39","modified_gmt":"2025-04-01T12:09:39","slug":"chardonnay-ried-triftberg-2024","status":"publish","type":"product","link":"https:\/\/weinquartier.at\/en\/produkt\/weine\/weisswein\/chardonnay-ried-triftberg-2024\/","title":{"rendered":"Chardonnay Ried Triftberg 2024"},"content":{"rendered":"<p>Mittleres Gelbgr\u00fcn, Silberreflexe, kr\u00e4ftige Schlieren am Glasrand, klassisch ausgebaut, feine Wiesenkr\u00e4uter, reifes Steinobst mit einem Hauch von Exotik, Bl\u00fctenhonig, mineralisch, saftig, angenehme S\u00e4urestruktur, bleibt gut haften, w\u00fcrziger Nachhall, vielseitig einsetzbar.<\/p>\n","protected":false},"excerpt":{"rendered":"<p>Mittleres Gelbgr\u00fcn, Silberreflexe, kr\u00e4ftige Schlieren am Glasrand, klassisch ausgebaut, feine Wiesenkr\u00e4uter, reifes Steinobst mit einem Hauch von Exotik, Bl\u00fctenhonig, mineralisch, saftig, angenehme S\u00e4urestruktur, bleibt gut haften, w\u00fcrziger Nachhall, vielseitig einsetzbar.<\/p>\n","protected":false},"featured_media":389,"comment_status":"closed","ping_status":"closed","template":"","meta":[],"product_cat":[305,433,17],"product_tag":[274],"class_list":["post-27418","product","type-product","status-publish","has-post-thumbnail","hentry","product_cat-weingut-diem-gerald-und-andrea","product_cat-weine","product_cat-weisswein","product_tag-chardonnay","pa_alkohol-194","pa_biowein-ja","pa_fuellmenge-176","pa_jahrgang-709","pa_qualitaetsstufe-qualitaetswein","pa_restzucker-trocken","pa_verschluss-schraubverschluss","pa_wein-zum-essen-fisch-meeresfruechte","pa_wein-zum-essen-kaese","pa_wein-zum-essen-pasta-reis","pa_weinsorte-chardonnay","pa_weinstil-riedenwein"],"aioseo_notices":[],"_links":{"self":[{"href":"https:\/\/weinquartier.at\/en\/wp-json\/wp\/v2\/product\/27418","targetHints":{"allow":["GET"]}}],"collection":[{"href":"https:\/\/weinquartier.at\/en\/wp-json\/wp\/v2\/product"}],"about":[{"href":"https:\/\/weinquartier.at\/en\/wp-json\/wp\/v2\/types\/product"}],"replies":[{"embeddable":true,"href":"https:\/\/weinquartier.at\/en\/wp-json\/wp\/v2\/comments?post=27418"}],"wp:featuredmedia":[{"embeddable":true,"href":"https:\/\/weinquartier.at\/en\/wp-json\/wp\/v2\/media\/389"}],"wp:attachment":[{"href":"https:\/\/weinquartier.at\/en\/wp-json\/wp\/v2\/media?parent=27418"}],"wp:term":[{"taxonomy":"product_cat","embeddable":true,"href":"https:\/\/weinquartier.at\/en\/wp-json\/wp\/v2\/product_cat?post=27418"},{"taxonomy":"product_tag","embeddable":true,"href":"https:\/\/weinquartier.at\/en\/wp-json\/wp\/v2\/product_tag?post=27418"}],"curies":[{"name":"wp","href":"https:\/\/api.w.org\/{rel}","templated":true}]}}